{"id":3655,"date":"2021-10-07T14:34:51","date_gmt":"2021-10-07T12:34:51","guid":{"rendered":"https:\/\/prisme.paris\/?page_id=3655"},"modified":"2021-10-11T17:15:47","modified_gmt":"2021-10-11T15:15:47","slug":"3655-2","status":"publish","type":"page","link":"https:\/\/prisme.paris\/index.php\/3655-2\/","title":{"rendered":"PRESTATION IMPRESSION 3D"},"content":{"rendered":"\t\t<div data-elementor-type=\"wp-page\" data-elementor-id=\"3655\" class=\"elementor elementor-3655\" data-elementor-settings=\"[]\">\n\t\t\t\t\t\t<div class=\"elementor-inner\">\n\t\t\t\t\t\t\t<div class=\"elementor-section-wrap\">\n\t\t\t\t\t\t\t<section class=\"elementor-section elementor-top-section elementor-element elementor-element-9ee08f1 elementor-section-boxed elementor-section-height-default elementor-section-height-default\" data-id=\"9ee08f1\" data-element_type=\"section\">\n\t\t\t\t\t\t<div class=\"elementor-container elementor-column-gap-default\">\n\t\t\t\t\t\t\t<div class=\"elementor-row\">\n\t\t\t\t\t<div class=\"elementor-column elementor-col-50 elementor-top-column elementor-element elementor-element-de6405e\" data-id=\"de6405e\" data-element_type=\"column\">\n\t\t\t<div class=\"elementor-column-wrap elementor-element-populated\">\n\t\t\t\t\t\t\t<div class=\"elementor-widget-wrap\">\n\t\t\t\t\t\t<div class=\"elementor-element elementor-element-d496e5e eael-contact-form-7-button-custom elementor-widget elementor-widget-eael-contact-form-7\" data-id=\"d496e5e\" data-element_type=\"widget\" data-widget_type=\"eael-contact-form-7.default\">\n\t\t\t\t<div class=\"elementor-widget-container\">\n\t\t\t<div class=\"eael-contact-form-7-wrapper\">\n                <div class=\"eael-contact-form eael-contact-form-7 eael-contact-form-d496e5e placeholder-show eael-contact-form-align-left\"><div class=\"eael-contact-form-7-heading\"><h3 class=\"eael-contact-form-title eael-contact-form-7-title\">\n                                    DEVIS POUR IMPRESSION 3D\n                                <\/h3><div class=\"eael-contact-form-description eael-contact-form-7-description\">\n                                    Prestation d&#8217; impression 3D pour vos cr\u00e9ations\n                                <\/div><\/div><div role=\"form\" class=\"wpcf7\" id=\"wpcf7-f3577-o1\" lang=\"en-US\" dir=\"ltr\">\n<div class=\"screen-reader-response\"><p role=\"status\" aria-live=\"polite\" aria-atomic=\"true\"><\/p> <ul><\/ul><\/div>\n<form action=\"\/index.php\/wp-json\/wp\/v2\/pages\/3655#wpcf7-f3577-o1\" method=\"post\" class=\"wpcf7-form init\" enctype=\"multipart\/form-data\" novalidate=\"novalidate\" data-status=\"init\">\n<div style=\"display: none;\">\n<input type=\"hidden\" name=\"_wpcf7\" value=\"3577\" \/>\n<input type=\"hidden\" name=\"_wpcf7_version\" value=\"5.3\" \/>\n<input type=\"hidden\" name=\"_wpcf7_locale\" value=\"en_US\" \/>\n<input type=\"hidden\" name=\"_wpcf7_unit_tag\" value=\"wpcf7-f3577-o1\" \/>\n<input type=\"hidden\" name=\"_wpcf7_container_post\" value=\"0\" \/>\n<input type=\"hidden\" name=\"_wpcf7_posted_data_hash\" value=\"\" \/>\n<\/div>\n<p><label> <\/label><br \/>\n<label> <\/label><\/p>\n<p><label> NOM et Pr\u00e9nom <\/label><br \/>\n    <label> <span class=\"wpcf7-form-control-wrap NOM\"><input type=\"text\" name=\"NOM\" value=\"\" size=\"40\" class=\"wpcf7-form-control wpcf7-text wpcf7-validates-as-required\" aria-required=\"true\" aria-invalid=\"false\" \/><\/span> <\/label><\/p>\n<p><label> E-Mail <\/label><br \/>\n    <label> <span class=\"wpcf7-form-control-wrap EMAIL\"><input type=\"email\" name=\"EMAIL\" value=\"\" size=\"40\" class=\"wpcf7-form-control wpcf7-text wpcf7-email wpcf7-validates-as-required wpcf7-validates-as-email\" aria-required=\"true\" aria-invalid=\"false\" \/><\/span> <\/label><\/p>\n<p><label> Num\u00e9ro de t\u00e9l\u00e9phone <\/label><br \/>\n   <label>  <span class=\"wpcf7-form-control-wrap Numphone\"><input type=\"text\" name=\"Numphone\" value=\"\" size=\"40\" class=\"wpcf7-form-control wpcf7-text wpcf7-validates-as-required\" aria-required=\"true\" aria-invalid=\"false\" \/><\/span> <\/label><br \/>\n<label> <\/label><br \/>\n<label> <\/label><\/p>\n<p><label> NOM DU PROJET <\/label><br \/>\n   <label> <span class=\"wpcf7-form-control-wrap PROJET\"><input type=\"text\" name=\"PROJET\" value=\"\" size=\"40\" class=\"wpcf7-form-control wpcf7-text wpcf7-validates-as-required\" aria-required=\"true\" aria-invalid=\"false\" \/><\/span> <\/label><\/p>\n<p><label> D\u00e9posez votre fichier STEP ou STL <\/label><br \/>\n   <label>  <span class=\"wpcf7-form-control-wrap Deposerfichier\"><input type=\"file\" name=\"Deposerfichier\" size=\"40\" class=\"wpcf7-form-control wpcf7-file\" accept=\".STP,.STL,.JPG\" aria-invalid=\"false\" \/><\/span> <\/label><\/p>\n<p><label> Attention => Dimensions de fabrication max : 30 cm  - 30 cm - 30 cm  <\/label><\/p>\n<p><label> Type filament <\/label><\/p>\n<p>  <label> <span class=\"wpcf7-form-control-wrap menumateriaux\"><select name=\"menumateriaux\" class=\"wpcf7-form-control wpcf7-select\" aria-invalid=\"false\"><option value=\"\">---<\/option><option value=\"PLA\">PLA<\/option><option value=\"PETG\">PETG<\/option><\/select><\/span> <\/label><\/p>\n<p><label> Nombre d'exemplaires <\/label><\/p>\n<p> <label>    <span class=\"wpcf7-form-control-wrap NBExemplaires\"><select name=\"NBExemplaires\" class=\"wpcf7-form-control wpcf7-select\" aria-invalid=\"false\"><option value=\"1\">1<\/option><option value=\"2\">2<\/option><option value=\"3\">3<\/option><option value=\"4\">4<\/option><option value=\"5\">5<\/option><option value=\"6\">6<\/option><option value=\"7\">7<\/option><option value=\"8\">8<\/option><option value=\"9\">9<\/option><\/select><\/span> <\/label><\/p>\n<p><label> Informations suppl\u00e9mentaires sur votre projet <\/label><\/p>\n<p>   <span class=\"wpcf7-form-control-wrap Infosupp\"><textarea name=\"Infosupp\" cols=\"40\" rows=\"10\" class=\"wpcf7-form-control wpcf7-textarea\" aria-invalid=\"false\"><\/textarea><\/span> <\/label><\/p>\n<p><input type=\"submit\" value=\"Envoyer\" class=\"wpcf7-form-control wpcf7-submit\" \/><\/p>\n<div class=\"wpcf7-response-output\" aria-hidden=\"true\"><\/div><\/form><\/div><\/div>\n            <\/div>\t\t<\/div>\n\t\t\t\t<\/div>\n\t\t\t\t\t\t<\/div>\n\t\t\t\t\t<\/div>\n\t\t<\/div>\n\t\t\t\t<div class=\"elementor-column elementor-col-50 elementor-top-column elementor-element elementor-element-db82841\" data-id=\"db82841\" data-element_type=\"column\">\n\t\t\t<div class=\"elementor-column-wrap elementor-element-populated\">\n\t\t\t\t\t\t\t<div class=\"elementor-widget-wrap\">\n\t\t\t\t\t\t<div class=\"elementor-element elementor-element-599f94a elementor-widget elementor-widget-spacer\" data-id=\"599f94a\" data-element_type=\"widget\" data-widget_type=\"spacer.default\">\n\t\t\t\t<div class=\"elementor-widget-container\">\n\t\t\t\t\t<div class=\"elementor-spacer\">\n\t\t\t<div class=\"elementor-spacer-inner\"><\/div>\n\t\t<\/div>\n\t\t\t\t<\/div>\n\t\t\t\t<\/div>\n\t\t\t\t<div class=\"elementor-element elementor-element-0522476 elementor-widget elementor-widget-image\" data-id=\"0522476\" data-element_type=\"widget\" data-widget_type=\"image.default\">\n\t\t\t\t<div class=\"elementor-widget-container\">\n\t\t\t\t\t<div class=\"elementor-image\">\n\t\t\t\t\t\t\t\t\t\t<img width=\"1024\" height=\"1024\" src=\"https:\/\/prisme.paris\/wp-content\/uploads\/2021\/07\/PrusaMK3-1024x1024.jpg\" class=\"attachment-large size-large\" alt=\"\" loading=\"lazy\" srcset=\"https:\/\/prisme.paris\/wp-content\/uploads\/2021\/07\/PrusaMK3-1024x1024.jpg 1024w, https:\/\/prisme.paris\/wp-content\/uploads\/2021\/07\/PrusaMK3-300x300.jpg 300w, https:\/\/prisme.paris\/wp-content\/uploads\/2021\/07\/PrusaMK3-150x150.jpg 150w, https:\/\/prisme.paris\/wp-content\/uploads\/2021\/07\/PrusaMK3-768x768.jpg 768w, https:\/\/prisme.paris\/wp-content\/uploads\/2021\/07\/PrusaMK3-400x400.jpg 400w, https:\/\/prisme.paris\/wp-content\/uploads\/2021\/07\/PrusaMK3-830x830.jpg 830w, https:\/\/prisme.paris\/wp-content\/uploads\/2021\/07\/PrusaMK3-230x230.jpg 230w, https:\/\/prisme.paris\/wp-content\/uploads\/2021\/07\/PrusaMK3-350x350.jpg 350w, https:\/\/prisme.paris\/wp-content\/uploads\/2021\/07\/PrusaMK3-480x480.jpg 480w, https:\/\/prisme.paris\/wp-content\/uploads\/2021\/07\/PrusaMK3-45x45.jpg 45w, https:\/\/prisme.paris\/wp-content\/uploads\/2021\/07\/PrusaMK3-600x600.jpg 600w, https:\/\/prisme.paris\/wp-content\/uploads\/2021\/07\/PrusaMK3-100x100.jpg 100w, https:\/\/prisme.paris\/wp-content\/uploads\/2021\/07\/PrusaMK3.jpg 1200w\" sizes=\"(max-width: 1024px) 100vw, 1024px\" \/>\t\t\t\t\t\t\t\t\t\t\t<\/div>\n\t\t\t\t<\/div>\n\t\t\t\t<\/div>\n\t\t\t\t<div class=\"elementor-element elementor-element-c1f988e elementor-widget elementor-widget-spacer\" data-id=\"c1f988e\" data-element_type=\"widget\" data-widget_type=\"spacer.default\">\n\t\t\t\t<div class=\"elementor-widget-container\">\n\t\t\t\t\t<div class=\"elementor-spacer\">\n\t\t\t<div class=\"elementor-spacer-inner\"><\/div>\n\t\t<\/div>\n\t\t\t\t<\/div>\n\t\t\t\t<\/div>\n\t\t\t\t\t\t<\/div>\n\t\t\t\t\t<\/div>\n\t\t<\/div>\n\t\t\t\t\t\t\t\t<\/div>\n\t\t\t\t\t<\/div>\n\t\t<\/section>\n\t\t\t\t\t\t<\/div>\n\t\t\t\t\t\t<\/div>\n\t\t\t\t\t<\/div>\n\t\t","protected":false},"excerpt":{"rendered":"<p>DEVIS POUR IMPRESSION 3D Prestation d&#8217; impression 3D pour vos cr\u00e9ations Nom E-Mail Num\u00e9ro de t\u00e9l\u00e9phone NOM DU PROJET D\u00e9posez votre fichier STEP ou STL Attention => Dimensions de fabrication max : ?? cm &#8211; ?? cm &#8211; ?? cm Type filament &#8212;PLAPETG Nombre d&#8217;exemplaires 123456789 Informations suppl\u00e9mentaires sur votre projet<\/p>\n","protected":false},"author":1,"featured_media":0,"parent":0,"menu_order":0,"comment_status":"closed","ping_status":"closed","template":"elementor_header_footer","meta":[],"_links":{"self":[{"href":"https:\/\/prisme.paris\/index.php\/wp-json\/wp\/v2\/pages\/3655"}],"collection":[{"href":"https:\/\/prisme.paris\/index.php\/wp-json\/wp\/v2\/pages"}],"about":[{"href":"https:\/\/prisme.paris\/index.php\/wp-json\/wp\/v2\/types\/page"}],"author":[{"embeddable":true,"href":"https:\/\/prisme.paris\/index.php\/wp-json\/wp\/v2\/users\/1"}],"replies":[{"embeddable":true,"href":"https:\/\/prisme.paris\/index.php\/wp-json\/wp\/v2\/comments?post=3655"}],"version-history":[{"count":20,"href":"https:\/\/prisme.paris\/index.php\/wp-json\/wp\/v2\/pages\/3655\/revisions"}],"predecessor-version":[{"id":3919,"href":"https:\/\/prisme.paris\/index.php\/wp-json\/wp\/v2\/pages\/3655\/revisions\/3919"}],"wp:attachment":[{"href":"https:\/\/prisme.paris\/index.php\/wp-json\/wp\/v2\/media?parent=3655"}],"curies":[{"name":"wp","href":"https:\/\/api.w.org\/{rel}","templated":true}]}}